{"id":3,"date":"2023-01-20T16:39:50","date_gmt":"2023-01-20T16:39:50","guid":{"rendered":"http:\/\/box5510\/cgi\/addon_GT.cgi?s=GT::WP::Install::EIG+%28eatabler%29+-+10.0.87.20+%5BWordpress%3b+\/var\/hp\/common\/lib\/Wordpress.pm%3b+534%3b+Hosting::gap_call%5D\/?page_id=3"},"modified":"2023-02-21T16:12:11","modified_gmt":"2023-02-21T16:12:11","slug":"privacy-policy","status":"publish","type":"page","link":"https:\/\/www.mypronamic.com\/pt\/privacy-policy\/","title":{"rendered":"Privacidade"},"content":{"rendered":"<div data-elementor-type=\"wp-page\" data-elementor-id=\"3\" class=\"elementor elementor-3\" data-elementor-post-type=\"page\">\n\t\t\t\t\t\t<section class=\"elementor-section elementor-top-section elementor-element elementor-element-46c81e4d elementor-section-boxed elementor-section-height-default elementor-section-height-default\" data-id=\"46c81e4d\" data-element_type=\"section\">\n\t\t\t\t\t\t<div class=\"elementor-container elementor-column-gap-default\">\n\t\t\t\t\t<div class=\"elementor-column elementor-col-100 elementor-top-column elementor-element elementor-element-68aed21b\" data-id=\"68aed21b\" data-element_type=\"column\">\n\t\t\t<div class=\"elementor-widget-wrap elementor-element-populated\">\n\t\t\t\t\t\t<div class=\"elementor-element elementor-element-dfc9441 elementor-widget elementor-widget-heading\" data-id=\"dfc9441\" data-element_type=\"widget\" data-widget_type=\"heading.default\">\n\t\t\t\t<div class=\"elementor-widget-container\">\n\t\t\t\t\t<h1 class=\"elementor-heading-title elementor-size-default\">Privacidade<\/h1>\t\t\t\t<\/div>\n\t\t\t\t<\/div>\n\t\t\t\t<div class=\"elementor-element elementor-element-609d20aa elementor-widget elementor-widget-text-editor\" data-id=\"609d20aa\" data-element_type=\"widget\" data-widget_type=\"text-editor.default\">\n\t\t\t\t<div class=\"elementor-widget-container\">\n\t\t\t\t\t\t\t\t\t<p><\/p>\n<p><\/p>\n<p><\/p>\n<h4 class=\"text-align-justify wp-block-heading\"><strong>Aviso legal<\/strong><\/h4>\n<p class=\"text-align-justify\">As p\u00e1ginas Web da LOESCHE GmbH s\u00e3o frequentemente actualizadas e melhoradas; ser\u00e3o acrescentados novos conte\u00fados \u00e0 medida que estiverem dispon\u00edveis. Apesar de tentarmos manter as informa\u00e7\u00f5es exactas e t\u00e3o actualizadas quanto poss\u00edvel, a exactid\u00e3o das informa\u00e7\u00f5es fornecidas n\u00e3o pode ser garantida, e n\u00e3o podemos e n\u00e3o garantimos que as informa\u00e7\u00f5es neste servidor estejam absolutamente actualizadas.<br \/><br \/>A cria\u00e7\u00e3o de uma hiperliga\u00e7\u00e3o para um s\u00edtio Web de terceiros n\u00e3o constitui uma aprova\u00e7\u00e3o pela LOESCHE GmbH dos s\u00edtios Web hiperligados ou das informa\u00e7\u00f5es, produtos ou servi\u00e7os neles contidos. Ao fornecer hiperliga\u00e7\u00f5es para s\u00edtios Web publicados por terceiros, a LOESCHE GmbH n\u00e3o faz qualquer representa\u00e7\u00e3o ou garantia, expl\u00edcita ou impl\u00edcita, quanto \u00e0 exactid\u00e3o, actualidade, adequa\u00e7\u00e3o ou qualquer outro aspecto da informa\u00e7\u00e3o em quaisquer s\u00edtios Web de terceiros.<br \/>(Art. 5 Abs. 3 TDG)<br \/><br \/>O design, o texto e as imagens deste s\u00edtio Web est\u00e3o protegidos por direitos de autor e marcas registadas, sendo os direitos de autor detidos pela LOESCHE GmbH ou pelo criador original do material. Excepto nos casos aqui indicados, nenhum material pode ser copiado ou alterado sem a autoriza\u00e7\u00e3o pr\u00e9via por escrito da LOESCHE GmbH ou do propriet\u00e1rio dos direitos de autor. \u00c9 permitida a redistribui\u00e7\u00e3o, republica\u00e7\u00e3o, exibi\u00e7\u00e3o ou partilha em sites de redes sociais, desde que seja atribu\u00edda a autoria e n\u00e3o sejam feitas altera\u00e7\u00f5es ao conte\u00fado original.<\/p>\n<h4 class=\"text-align-justify\"><strong>Responsabilidade pelas liga\u00e7\u00f5es<\/strong><\/h4>\n<p class=\"text-align-justify\">O nosso s\u00edtio Web cont\u00e9m liga\u00e7\u00f5es para s\u00edtios Web externos de terceiros cujo conte\u00fado n\u00e3o controlamos. Por conseguinte, n\u00e3o podemos assumir qualquer responsabilidade por esses conte\u00fados de terceiros. Os fornecedores ou operadores dos s\u00edtios Web s\u00e3o sempre respons\u00e1veis pelo conte\u00fado dos s\u00edtios ligados. Os s\u00edtios ligados foram verificados quanto a infrac\u00e7\u00f5es legais quando as liga\u00e7\u00f5es foram criadas pela primeira vez e, nessa altura, n\u00e3o havia indica\u00e7\u00f5es de conte\u00fados ilegais. No entanto, n\u00e3o \u00e9 razo\u00e1vel esperar que monitorizemos continuamente o conte\u00fado dos s\u00edtios ligados sem quaisquer indica\u00e7\u00f5es espec\u00edficas de uma infrac\u00e7\u00e3o legal. Ao tomar conhecimento de infrac\u00e7\u00f5es legais, removeremos imediatamente as liga\u00e7\u00f5es relevantes.<\/p>\n<h4 class=\"text-align-justify\"><strong>Copyright<\/strong><\/h4>\n<p class=\"text-align-justify\">Os conte\u00fados e obras publicados neste s\u00edtio Web e criados pelo operador do s\u00edtio est\u00e3o sujeitos \u00e0 legisla\u00e7\u00e3o alem\u00e3 em mat\u00e9ria de direitos de autor. A reprodu\u00e7\u00e3o, edi\u00e7\u00e3o, divulga\u00e7\u00e3o e qualquer forma de utiliza\u00e7\u00e3o fora dos limites da lei dos direitos de autor s\u00e3o estritamente proibidas sem o consentimento escrito do autor ou criador. Este s\u00edtio s\u00f3 pode ser descarregado ou copiado para uso privado e n\u00e3o comercial. Se o conte\u00fado deste s\u00edtio n\u00e3o tiver sido criado pelo operador, devem ser respeitados os direitos de autor de terceiros. Em particular, os conte\u00fados de terceiros devem ser identificados como tal. Se, apesar desta disposi\u00e7\u00e3o, se aperceber de uma infrac\u00e7\u00e3o aos direitos de autor, queira notificar-nos. Ao tomar conhecimento de infrac\u00e7\u00f5es legais, removeremos imediatamente o conte\u00fado relevante.<\/p>\n<h4 class=\"text-align-justify\"><strong>Protec\u00e7\u00e3o de dados<\/strong><\/h4>\n<p class=\"text-align-justify\">O nosso s\u00edtio Web pode, em geral, ser utilizado sem que seja necess\u00e1rio introduzir dados pessoais. Se forem recolhidos dados pessoais (por exemplo, nome, morada ou endere\u00e7o de correio electr\u00f3nico) no nosso s\u00edtio Web, tal ocorrer\u00e1 sempre, na medida do poss\u00edvel, de forma volunt\u00e1ria. Estes dados n\u00e3o ser\u00e3o transmitidos a terceiros sem a sua autoriza\u00e7\u00e3o expressa.<\/p>\n<p class=\"text-align-justify\">Note-se que a transmiss\u00e3o de dados atrav\u00e9s da Internet (por exemplo, durante as comunica\u00e7\u00f5es por correio electr\u00f3nico) pode nem sempre ser segura. N\u00e3o \u00e9 poss\u00edvel proteger totalmente os dados contra o acesso de terceiros.<\/p>\n<p class=\"text-align-justify\">Proibimos expressamente que terceiros utilizem os dados de contacto publicados no \u00e2mbito das nossas obriga\u00e7\u00f5es legais de notifica\u00e7\u00e3o para enviar publicidade e materiais informativos n\u00e3o solicitados. Os operadores do s\u00edtio reservam-se expressamente o direito de tomar medidas legais contra qualquer parte que envie informa\u00e7\u00f5es publicit\u00e1rias n\u00e3o solicitadas, tais como, mas n\u00e3o limitadas a, mensagens de correio electr\u00f3nico n\u00e3o solicitado.<\/p>\n<h4 class=\"text-align-justify\"><strong>Matomo Analytics<\/strong><\/h4>\n<p class=\"text-align-justify\">Este s\u00edtio Web utiliza o Matomo Analytics, um servi\u00e7o de an\u00e1lise da Web. O Matomo Analytics utiliza \"cookies\", que s\u00e3o ficheiros de texto colocados no seu computador, para ajudar o site a analisar a forma como os utilizadores utilizam o site. As informa\u00e7\u00f5es geradas pelo cookie sobre a sua utiliza\u00e7\u00e3o do s\u00edtio Web (incluindo o seu endere\u00e7o IP) ser\u00e3o transmitidas e armazenadas pela LOESCHE GmbH no servidor designado do nosso fornecedor de servi\u00e7os em D\u00fcsselforf (Alemanha). Utilizaremos estas informa\u00e7\u00f5es com o objectivo de avaliar a sua utiliza\u00e7\u00e3o do s\u00edtio Web, compilar relat\u00f3rios sobre a actividade do s\u00edtio Web e prestar outros servi\u00e7os relacionados com a actividade do s\u00edtio Web e a utiliza\u00e7\u00e3o da Internet. N\u00e3o transferiremos estas informa\u00e7\u00f5es a terceiros se tal for exigido por lei. N\u00e3o associaremos o seu endere\u00e7o IP a quaisquer outros dados na posse da LOESCHE GmbH. Pode recusar a utiliza\u00e7\u00e3o de cookies seleccionando as defini\u00e7\u00f5es apropriadas no seu browser, mas tenha em aten\u00e7\u00e3o que, se o fizer, poder\u00e1 n\u00e3o conseguir utilizar todas as funcionalidades deste s\u00edtio Web. Ao utilizar este s\u00edtio Web, o utilizador autoriza o tratamento dos dados que lhe dizem respeito da forma e para os fins acima referidos.<\/p>\n<h4 class=\"text-align-justify\"><strong>Conte\u00fado digital descarreg\u00e1vel<\/strong><\/h4>\n<p class=\"text-align-justify\">\u00c9 permitida a utiliza\u00e7\u00e3o de comunicados de imprensa e outros documentos que sejam referidos como de acesso p\u00fablico, desde que seja sempre mencionada a fonte de informa\u00e7\u00e3o. A LOESCHE GmbH reserva-se o direito de actualizar, sem aviso pr\u00e9vio, as informa\u00e7\u00f5es contidas em qualquer comunicado de imprensa ou documento dispon\u00edvel para download neste s\u00edtio Web.<\/p>\n<p class=\"text-align-justify\">\u00a0<\/p>\n<p><\/p>\n<p><\/p>\n<p><\/p>\t\t\t\t\t\t\t\t<\/div>\n\t\t\t\t<\/div>\n\t\t\t\t\t<\/div>\n\t\t<\/div>\n\t\t\t\t\t<\/div>\n\t\t<\/section>\n\t\t\t\t<\/div>","protected":false},"excerpt":{"rendered":"<p>Privacy Policy Legal Disclaimer The LOESCHE GmbH Web pages are frequently updated and improved; new content will be added as it is available. Although we will attempt to keep information accurate and as current as possible, the accuracy of the information provided cannot be guaranteed, and we cannot and do not warrant that the information [&hellip;]<\/p>\n","protected":false},"author":1,"featured_media":0,"parent":0,"menu_order":0,"comment_status":"closed","ping_status":"open","template":"","meta":{"footnotes":""},"_links":{"self":[{"href":"https:\/\/www.mypronamic.com\/pt\/wp-json\/wp\/v2\/pages\/3"}],"collection":[{"href":"https:\/\/www.mypronamic.com\/pt\/wp-json\/wp\/v2\/pages"}],"about":[{"href":"https:\/\/www.mypronamic.com\/pt\/wp-json\/wp\/v2\/types\/page"}],"author":[{"embeddable":true,"href":"https:\/\/www.mypronamic.com\/pt\/wp-json\/wp\/v2\/users\/1"}],"replies":[{"embeddable":true,"href":"https:\/\/www.mypronamic.com\/pt\/wp-json\/wp\/v2\/comments?post=3"}],"version-history":[{"count":15,"href":"https:\/\/www.mypronamic.com\/pt\/wp-json\/wp\/v2\/pages\/3\/revisions"}],"predecessor-version":[{"id":680,"href":"https:\/\/www.mypronamic.com\/pt\/wp-json\/wp\/v2\/pages\/3\/revisions\/680"}],"wp:attachment":[{"href":"https:\/\/www.mypronamic.com\/pt\/wp-json\/wp\/v2\/media?parent=3"}],"curies":[{"name":"wp","href":"https:\/\/api.w.org\/{rel}","templated":true}]}}