{"id":22,"date":"2023-01-20T17:26:09","date_gmt":"2023-01-20T17:26:09","guid":{"rendered":"https:\/\/mypronamic.godindesigns.com\/?page_id=22"},"modified":"2023-02-06T16:41:14","modified_gmt":"2023-02-06T16:41:14","slug":"references","status":"publish","type":"page","link":"https:\/\/www.mypronamic.com\/pt\/references\/","title":{"rendered":"Refer\u00eancias"},"content":{"rendered":"<div data-elementor-type=\"wp-page\" data-elementor-id=\"22\" class=\"elementor elementor-22\" data-elementor-post-type=\"page\">\n\t\t\t\t\t\t<section class=\"elementor-section elementor-top-section elementor-element elementor-element-78863b1 elementor-section-height-min-height elementor-section-full_width elementor-section-items-stretch elementor-section-height-default\" data-id=\"78863b1\" data-element_type=\"section\" data-settings=\"{&quot;background_background&quot;:&quot;gradient&quot;}\">\n\t\t\t\t\t\t\t<div class=\"elementor-background-overlay\"><\/div>\n\t\t\t\t\t\t\t<div class=\"elementor-container elementor-column-gap-default\">\n\t\t\t\t\t<div class=\"elementor-column elementor-col-100 elementor-top-column elementor-element elementor-element-f8f4dc8\" data-id=\"f8f4dc8\" data-element_type=\"column\">\n\t\t\t<div class=\"elementor-widget-wrap elementor-element-populated\">\n\t\t\t\t\t\t<div class=\"elementor-element elementor-element-8129281 elementor-widget elementor-widget-heading\" data-id=\"8129281\" data-element_type=\"widget\" data-widget_type=\"heading.default\">\n\t\t\t\t<div class=\"elementor-widget-container\">\n\t\t\t\t\t<h3 class=\"elementor-heading-title elementor-size-default\">Testemunhos de partes interessadas - Repetir o seu sucesso<\/h3>\t\t\t\t<\/div>\n\t\t\t\t<\/div>\n\t\t\t\t<section class=\"elementor-section elementor-inner-section elementor-element elementor-element-7e81cf6 elementor-section-boxed elementor-section-height-default elementor-section-height-default\" data-id=\"7e81cf6\" data-element_type=\"section\">\n\t\t\t\t\t\t<div class=\"elementor-container elementor-column-gap-default\">\n\t\t\t\t\t<div class=\"elementor-column elementor-col-100 elementor-inner-column elementor-element elementor-element-12ced7a\" data-id=\"12ced7a\" data-element_type=\"column\">\n\t\t\t<div class=\"elementor-widget-wrap elementor-element-populated\">\n\t\t\t\t\t\t<div class=\"elementor-element elementor-element-c9b5741 elementor--h-position-center elementor--v-position-middle elementor-arrows-position-inside elementor-pagination-position-inside elementor-widget elementor-widget-slides\" data-id=\"c9b5741\" data-element_type=\"widget\" data-settings=\"{&quot;navigation&quot;:&quot;both&quot;,&quot;autoplay&quot;:&quot;yes&quot;,&quot;pause_on_interaction&quot;:&quot;yes&quot;,&quot;autoplay_speed&quot;:5000,&quot;infinite&quot;:&quot;yes&quot;,&quot;transition&quot;:&quot;slide&quot;,&quot;transition_speed&quot;:500}\" data-widget_type=\"slides.default\">\n\t\t\t\t<div class=\"elementor-widget-container\">\n\t\t\t\t\t\t\t\t\t<div class=\"elementor-swiper\">\n\t\t\t\t\t<div class=\"elementor-slides-wrapper elementor-main-swiper swiper\" role=\"region\" aria-roledescription=\"carousel\" aria-label=\"Slides\" dir=\"ltr\" data-animation=\"\">\n\t\t\t\t<div class=\"swiper-wrapper elementor-slides\">\n\t\t\t\t\t\t\t\t\t\t<div class=\"elementor-repeater-item-bb65e56 swiper-slide\" role=\"group\" aria-roledescription=\"slide\"><div class=\"swiper-slide-bg\" role=\"img\"><\/div><div class=\"swiper-slide-inner\" ><div class=\"swiper-slide-contents\"><div class=\"elementor-slide-heading\">Pronto para <br> Repetir?<\/div><\/div><\/div><\/div><div class=\"elementor-repeater-item-f8280fd swiper-slide\" role=\"group\" aria-roledescription=\"slide\"><div class=\"swiper-slide-bg\" role=\"img\"><\/div><div class=\"swiper-slide-inner\" ><div class=\"swiper-slide-contents\"><div class=\"elementor-slide-description\">\"O trabalho global \u00e9 muito satisfat\u00f3rio\"\n<br>\n\n- Gestor de manuten\u00e7\u00e3o<\/div><\/div><\/div><\/div><div class=\"elementor-repeater-item-ae82faa swiper-slide\" role=\"group\" aria-roledescription=\"slide\"><div class=\"swiper-slide-bg\" role=\"img\"><\/div><div class=\"swiper-slide-inner\" ><div class=\"swiper-slide-contents\"><div class=\"elementor-slide-description\">\"Su compromiso al trabajo, con seguridad y eficiencia\" (\"O seu empenhamento no trabalho, com seguran\u00e7a e efici\u00eancia\")\n<br>\n- Director de Opera\u00e7\u00f5es<\/div><\/div><\/div><\/div><div class=\"elementor-repeater-item-117e3bf swiper-slide\" role=\"group\" aria-roledescription=\"slide\"><div class=\"swiper-slide-bg\" role=\"img\"><\/div><div class=\"swiper-slide-inner\" ><div class=\"swiper-slide-contents\"><div class=\"elementor-slide-description\">\"Disponibilidad y conocimiento de personal sin duda lo mejor\" (\"Disponibilidade e conhecimentos do pessoal sem d\u00favida: os melhores\")\n<br>\n- Director da f\u00e1brica<\/div><\/div><\/div><\/div><div class=\"elementor-repeater-item-c4bb53b swiper-slide\" role=\"group\" aria-roledescription=\"slide\"><div class=\"swiper-slide-bg\" role=\"img\"><\/div><div class=\"swiper-slide-inner\" ><div class=\"swiper-slide-contents\"><div class=\"elementor-slide-description\">\"A \u00e9tica de trabalho \u00e9 muito profissional\"\n<br>\n- Gestor de manuten\u00e7\u00e3o<\/div><\/div><\/div><\/div><div class=\"elementor-repeater-item-ace2941 swiper-slide\" role=\"group\" aria-roledescription=\"slide\"><div class=\"swiper-slide-bg\" role=\"img\"><\/div><div class=\"swiper-slide-inner\" ><div class=\"swiper-slide-contents\"><div class=\"elementor-slide-heading\">Pronto para <br> Repetir?<\/div><\/div><\/div><\/div><div class=\"elementor-repeater-item-cf78463 swiper-slide\" role=\"group\" aria-roledescription=\"slide\"><div class=\"swiper-slide-bg\" role=\"img\"><\/div><div class=\"swiper-slide-inner\" ><div class=\"swiper-slide-contents\"><div class=\"elementor-slide-description\">\"Est\u00e1 a ser praticado um elevado n\u00edvel de seguran\u00e7a durante toda a execu\u00e7\u00e3o, o que n\u00e3o encontramos nos empreiteiros locais que costumavam fazer no passado. Isto torna-se extremamente necess\u00e1rio com as nossas directrizes empresariais.\"\n<br>\n- Director de Opera\u00e7\u00f5es<\/div><\/div><\/div><\/div><div class=\"elementor-repeater-item-d7a1c94 swiper-slide\" role=\"group\" aria-roledescription=\"slide\"><div class=\"swiper-slide-bg\" role=\"img\"><\/div><div class=\"swiper-slide-inner\" ><div class=\"swiper-slide-contents\"><div class=\"elementor-slide-description\">\"O planeamento e a execu\u00e7\u00e3o do trabalho (montagem de pneus) est\u00e3o \u00e0 altura... e o resultado est\u00e1 de acordo com o objectivo proposto\"\n<br>\n- Gestor de manuten\u00e7\u00e3o<\/div><\/div><\/div><\/div><div class=\"elementor-repeater-item-7de95a2 swiper-slide\" role=\"group\" aria-roledescription=\"slide\"><div class=\"swiper-slide-bg\" role=\"img\"><\/div><div class=\"swiper-slide-inner\" ><div class=\"swiper-slide-contents\"><div class=\"elementor-slide-description\">\"Boa qualidade do trabalho de depoimento\".\n<br>\n- Director da f\u00e1brica<\/div><\/div><\/div><\/div><div class=\"elementor-repeater-item-d073aaf swiper-slide\" role=\"group\" aria-roledescription=\"slide\"><div class=\"swiper-slide-bg\" role=\"img\"><\/div><div class=\"swiper-slide-inner\" ><div class=\"swiper-slide-contents\"><div class=\"elementor-slide-description\">\"Fic\u00e1mos surpreendidos com o facto de, nos \u00faltimos 9 anos, nenhuma das empresas de soldadura ter chamado a aten\u00e7\u00e3o para o desgaste que est\u00e1 a ocorrer nos lados da \u00e1rea do pneu de grande di\u00e2metro e, eventualmente, a largura do pneu ter diminu\u00eddo e, agora, poder n\u00e3o ser poss\u00edvel voltar a soldar totalmente. \u00c9 um abrir de olhos para n\u00f3s\".\n<br>\n- Director da f\u00e1brica<\/div><\/div><\/div><\/div><div class=\"elementor-repeater-item-85fb345 swiper-slide\" role=\"group\" aria-roledescription=\"slide\"><div class=\"swiper-slide-bg\" role=\"img\"><\/div><div class=\"swiper-slide-inner\" ><div class=\"swiper-slide-contents\"><div class=\"elementor-slide-heading\">Pronto para <br> Repetir?<\/div><\/div><\/div><\/div><div class=\"elementor-repeater-item-6898bc7 swiper-slide\" role=\"group\" aria-roledescription=\"slide\"><div class=\"swiper-slide-bg\" role=\"img\"><\/div><div class=\"swiper-slide-inner\" ><div class=\"swiper-slide-contents\"><div class=\"elementor-slide-description\">\"...o perfil de soldadura da placa de moagem e do pneu de rolo foi alterado com base na recomenda\u00e7\u00e3o da vossa equipa de processamento e esperamos que os benef\u00edcios relevantes sejam obtidos em funcionamento.\"\n<br>\n- Director da f\u00e1brica<\/div><\/div><\/div><\/div><div class=\"elementor-repeater-item-6f1f530 swiper-slide\" role=\"group\" aria-roledescription=\"slide\"><div class=\"swiper-slide-bg\" role=\"img\"><\/div><div class=\"swiper-slide-inner\" ><div class=\"swiper-slide-contents\"><div class=\"elementor-slide-description\">\"No final do trabalho de soldadura, a vossa equipa indicou o consumo de el\u00e9ctrodos de soldadura para os rolos individuais, bem como para as placas de rectifica\u00e7\u00e3o. Isto n\u00e3o era praticado anteriormente por outras empresas de soldadura. Fic\u00e1mos surpreendidos ao ver que a quantidade de soldadura em dois dos pneus do rolo estava pr\u00f3xima dos 50% dos outros rolos, indicando um fluxo de material desigual em todos os rolos. Esta informa\u00e7\u00e3o \u00e9 muito boa para optimizar a disposi\u00e7\u00e3o da alimenta\u00e7\u00e3o do moinho\"\n<br>\n- Director de Opera\u00e7\u00f5es<\/div><\/div><\/div><\/div><div class=\"elementor-repeater-item-669c8ac swiper-slide\" role=\"group\" aria-roledescription=\"slide\"><div class=\"swiper-slide-bg\" role=\"img\"><\/div><div class=\"swiper-slide-inner\" ><div class=\"swiper-slide-contents\"><div class=\"elementor-slide-description\">\"Reconstru\u00e7\u00e3o ... conclu\u00edda com desempenho satisfat\u00f3rio\".\n<br>\n- Gestor de manuten\u00e7\u00e3o<\/div><\/div><\/div><\/div>\t\t\t\t<\/div>\n\t\t\t\t\t\t\t\t\t\t\t\t\t\t\t<div class=\"elementor-swiper-button elementor-swiper-button-prev\" role=\"button\" tabindex=\"0\" aria-label=\"Previous slide\">\n\t\t\t\t\t\t\t<i aria-hidden=\"true\" class=\"eicon-chevron-left\"><\/i>\t\t\t\t\t\t<\/div>\n\t\t\t\t\t\t<div class=\"elementor-swiper-button elementor-swiper-button-next\" role=\"button\" tabindex=\"0\" aria-label=\"Next slide\">\n\t\t\t\t\t\t\t<i aria-hidden=\"true\" class=\"eicon-chevron-right\"><\/i>\t\t\t\t\t\t<\/div>\n\t\t\t\t\t\t\t\t\t\t\t\t\t\t\t\t<div class=\"swiper-pagination\"><\/div>\n\t\t\t\t\t\t\t\t\t\t\t\t<\/div>\n\t\t\t\t<\/div>\n\t\t\t\t\t\t\t\t<\/div>\n\t\t\t\t<\/div>\n\t\t\t\t\t<\/div>\n\t\t<\/div>\n\t\t\t\t\t<\/div>\n\t\t<\/section>\n\t\t\t\t\t<\/div>\n\t\t<\/div>\n\t\t\t\t\t<\/div>\n\t\t<\/section>\n\t\t\t\t<\/div>","protected":false},"excerpt":{"rendered":"<p>Testimonials of Stakeholders &#8211; Putting Their Success On Repeat Ready to Repeat?\u201cThe overall job is very satisfactory\u201d \u2013 Maintenance Manager\u201cSu compromiso al trabajo, con seguridad y eficiencia\u201d (\u201cTheir commitment to the job, with safety and efficiency\u201d) \u2013 Chief Operating Officer\u201cDisponibilidad y conocimiento de personal sin duda lo mejor\u201d (\u201cPersonnel availability and knowledge without doubt: the [&hellip;]<\/p>\n","protected":false},"author":1,"featured_media":0,"parent":0,"menu_order":0,"comment_status":"closed","ping_status":"closed","template":"","meta":{"footnotes":""},"_links":{"self":[{"href":"https:\/\/www.mypronamic.com\/pt\/wp-json\/wp\/v2\/pages\/22"}],"collection":[{"href":"https:\/\/www.mypronamic.com\/pt\/wp-json\/wp\/v2\/pages"}],"about":[{"href":"https:\/\/www.mypronamic.com\/pt\/wp-json\/wp\/v2\/types\/page"}],"author":[{"embeddable":true,"href":"https:\/\/www.mypronamic.com\/pt\/wp-json\/wp\/v2\/users\/1"}],"replies":[{"embeddable":true,"href":"https:\/\/www.mypronamic.com\/pt\/wp-json\/wp\/v2\/comments?post=22"}],"version-history":[{"count":20,"href":"https:\/\/www.mypronamic.com\/pt\/wp-json\/wp\/v2\/pages\/22\/revisions"}],"predecessor-version":[{"id":548,"href":"https:\/\/www.mypronamic.com\/pt\/wp-json\/wp\/v2\/pages\/22\/revisions\/548"}],"wp:attachment":[{"href":"https:\/\/www.mypronamic.com\/pt\/wp-json\/wp\/v2\/media?parent=22"}],"curies":[{"name":"wp","href":"https:\/\/api.w.org\/{rel}","templated":true}]}}