{"id":22,"date":"2023-01-20T17:26:09","date_gmt":"2023-01-20T17:26:09","guid":{"rendered":"https:\/\/mypronamic.godindesigns.com\/?page_id=22"},"modified":"2023-02-06T16:41:14","modified_gmt":"2023-02-06T16:41:14","slug":"references","status":"publish","type":"page","link":"https:\/\/www.mypronamic.com\/es\/references\/","title":{"rendered":"Referencias"},"content":{"rendered":"<div data-elementor-type=\"wp-page\" data-elementor-id=\"22\" class=\"elementor elementor-22\" data-elementor-post-type=\"page\">\n\t\t\t\t\t\t<section class=\"elementor-section elementor-top-section elementor-element elementor-element-78863b1 elementor-section-height-min-height elementor-section-full_width elementor-section-items-stretch elementor-section-height-default\" data-id=\"78863b1\" data-element_type=\"section\" data-settings=\"{&quot;background_background&quot;:&quot;gradient&quot;}\">\n\t\t\t\t\t\t\t<div class=\"elementor-background-overlay\"><\/div>\n\t\t\t\t\t\t\t<div class=\"elementor-container elementor-column-gap-default\">\n\t\t\t\t\t<div class=\"elementor-column elementor-col-100 elementor-top-column elementor-element elementor-element-f8f4dc8\" data-id=\"f8f4dc8\" data-element_type=\"column\">\n\t\t\t<div class=\"elementor-widget-wrap elementor-element-populated\">\n\t\t\t\t\t\t<div class=\"elementor-element elementor-element-8129281 elementor-widget elementor-widget-heading\" data-id=\"8129281\" data-element_type=\"widget\" data-widget_type=\"heading.default\">\n\t\t\t\t<div class=\"elementor-widget-container\">\n\t\t\t\t\t<h3 class=\"elementor-heading-title elementor-size-default\">Testimonios de las partes interesadas: repetir su \u00e9xito<\/h3>\t\t\t\t<\/div>\n\t\t\t\t<\/div>\n\t\t\t\t<section class=\"elementor-section elementor-inner-section elementor-element elementor-element-7e81cf6 elementor-section-boxed elementor-section-height-default elementor-section-height-default\" data-id=\"7e81cf6\" data-element_type=\"section\">\n\t\t\t\t\t\t<div class=\"elementor-container elementor-column-gap-default\">\n\t\t\t\t\t<div class=\"elementor-column elementor-col-100 elementor-inner-column elementor-element elementor-element-12ced7a\" data-id=\"12ced7a\" data-element_type=\"column\">\n\t\t\t<div class=\"elementor-widget-wrap elementor-element-populated\">\n\t\t\t\t\t\t<div class=\"elementor-element elementor-element-c9b5741 elementor--h-position-center elementor--v-position-middle elementor-arrows-position-inside elementor-pagination-position-inside elementor-widget elementor-widget-slides\" data-id=\"c9b5741\" data-element_type=\"widget\" data-settings=\"{&quot;navigation&quot;:&quot;both&quot;,&quot;autoplay&quot;:&quot;yes&quot;,&quot;pause_on_interaction&quot;:&quot;yes&quot;,&quot;autoplay_speed&quot;:5000,&quot;infinite&quot;:&quot;yes&quot;,&quot;transition&quot;:&quot;slide&quot;,&quot;transition_speed&quot;:500}\" data-widget_type=\"slides.default\">\n\t\t\t\t<div class=\"elementor-widget-container\">\n\t\t\t\t\t\t\t\t\t<div class=\"elementor-swiper\">\n\t\t\t\t\t<div class=\"elementor-slides-wrapper elementor-main-swiper swiper\" role=\"region\" aria-roledescription=\"carousel\" aria-label=\"Slides\" dir=\"ltr\" data-animation=\"\">\n\t\t\t\t<div class=\"swiper-wrapper elementor-slides\">\n\t\t\t\t\t\t\t\t\t\t<div class=\"elementor-repeater-item-bb65e56 swiper-slide\" role=\"group\" aria-roledescription=\"slide\"><div class=\"swiper-slide-bg\" role=\"img\"><\/div><div class=\"swiper-slide-inner\" ><div class=\"swiper-slide-contents\"><div class=\"elementor-slide-heading\">Listo para <br> Repetir?<\/div><\/div><\/div><\/div><div class=\"elementor-repeater-item-f8280fd swiper-slide\" role=\"group\" aria-roledescription=\"slide\"><div class=\"swiper-slide-bg\" role=\"img\"><\/div><div class=\"swiper-slide-inner\" ><div class=\"swiper-slide-contents\"><div class=\"elementor-slide-description\">\"El trabajo en general es muy satisfactorio\"\n<br>\n\n- Jefe de mantenimiento<\/div><\/div><\/div><\/div><div class=\"elementor-repeater-item-ae82faa swiper-slide\" role=\"group\" aria-roledescription=\"slide\"><div class=\"swiper-slide-bg\" role=\"img\"><\/div><div class=\"swiper-slide-inner\" ><div class=\"swiper-slide-contents\"><div class=\"elementor-slide-description\">\u201cSu compromiso al trabajo, con seguridad y eficiencia\u201d (\u201cTheir commitment to the job, with safety and efficiency\u201d)\n<br>\n- Director de Operaciones<\/div><\/div><\/div><\/div><div class=\"elementor-repeater-item-117e3bf swiper-slide\" role=\"group\" aria-roledescription=\"slide\"><div class=\"swiper-slide-bg\" role=\"img\"><\/div><div class=\"swiper-slide-inner\" ><div class=\"swiper-slide-contents\"><div class=\"elementor-slide-description\">\u201cDisponibilidad y conocimiento de personal sin duda lo mejor\u201d (\u201cPersonnel availability and knowledge without doubt: the best\u201d)\n<br>\n- Director de planta<\/div><\/div><\/div><\/div><div class=\"elementor-repeater-item-c4bb53b swiper-slide\" role=\"group\" aria-roledescription=\"slide\"><div class=\"swiper-slide-bg\" role=\"img\"><\/div><div class=\"swiper-slide-inner\" ><div class=\"swiper-slide-contents\"><div class=\"elementor-slide-description\">\"La \u00e9tica de trabajo es muy profesional\"\n<br>\n- Jefe de mantenimiento<\/div><\/div><\/div><\/div><div class=\"elementor-repeater-item-ace2941 swiper-slide\" role=\"group\" aria-roledescription=\"slide\"><div class=\"swiper-slide-bg\" role=\"img\"><\/div><div class=\"swiper-slide-inner\" ><div class=\"swiper-slide-contents\"><div class=\"elementor-slide-heading\">Listo para <br> Repetir?<\/div><\/div><\/div><\/div><div class=\"elementor-repeater-item-cf78463 swiper-slide\" role=\"group\" aria-roledescription=\"slide\"><div class=\"swiper-slide-bg\" role=\"img\"><\/div><div class=\"swiper-slide-inner\" ><div class=\"swiper-slide-contents\"><div class=\"elementor-slide-description\">\"Se est\u00e1 practicando un alto nivel de seguridad durante la ejecuci\u00f3n completa, algo que no encontramos en los contratistas locales que sol\u00edan hacer en el pasado. Esto se hace sumamente necesario con nuestras directrices corporativas\".\n<br>\n- Director de Operaciones<\/div><\/div><\/div><\/div><div class=\"elementor-repeater-item-d7a1c94 swiper-slide\" role=\"group\" aria-roledescription=\"slide\"><div class=\"swiper-slide-bg\" role=\"img\"><\/div><div class=\"swiper-slide-inner\" ><div class=\"swiper-slide-contents\"><div class=\"elementor-slide-description\">\"La planificaci\u00f3n y ejecuci\u00f3n del trabajo (montaje de neum\u00e1ticos) est\u00e1 a la altura ... y el resultado seg\u00fan el objetivo propuesto\"\n<br>\n- Jefe de mantenimiento<\/div><\/div><\/div><\/div><div class=\"elementor-repeater-item-7de95a2 swiper-slide\" role=\"group\" aria-roledescription=\"slide\"><div class=\"swiper-slide-bg\" role=\"img\"><\/div><div class=\"swiper-slide-inner\" ><div class=\"swiper-slide-contents\"><div class=\"elementor-slide-description\">\u201cBuena calidad de aporte en los trabajos\u201d (\u201cGood deposition work quality\u201d)\n<br>\n- Director de planta<\/div><\/div><\/div><\/div><div class=\"elementor-repeater-item-d073aaf swiper-slide\" role=\"group\" aria-roledescription=\"slide\"><div class=\"swiper-slide-bg\" role=\"img\"><\/div><div class=\"swiper-slide-inner\" ><div class=\"swiper-slide-contents\"><div class=\"elementor-slide-description\">\"Nos sorprendi\u00f3 que en los \u00faltimos 9 a\u00f1os ninguna de las empresas de soldadura hubiera se\u00f1alado que el desgaste se produc\u00eda en los laterales de la zona de los neum\u00e1ticos de gran di\u00e1metro y que, con el tiempo, la anchura de los neum\u00e1ticos se hab\u00eda reducido y ahora puede que no sea posible volver a soldarlos por completo. Nos ha abierto los ojos\".\n<br>\n- Director de planta<\/div><\/div><\/div><\/div><div class=\"elementor-repeater-item-85fb345 swiper-slide\" role=\"group\" aria-roledescription=\"slide\"><div class=\"swiper-slide-bg\" role=\"img\"><\/div><div class=\"swiper-slide-inner\" ><div class=\"swiper-slide-contents\"><div class=\"elementor-slide-heading\">Listo para <br> Repetir?<\/div><\/div><\/div><\/div><div class=\"elementor-repeater-item-6898bc7 swiper-slide\" role=\"group\" aria-roledescription=\"slide\"><div class=\"swiper-slide-bg\" role=\"img\"><\/div><div class=\"swiper-slide-inner\" ><div class=\"swiper-slide-contents\"><div class=\"elementor-slide-description\">\"...el perfil de soldadura para la placa de rectificado as\u00ed como el neum\u00e1tico de rodillo se cambiaron en base a la recomendaci\u00f3n de su equipo de proceso y esperamos que los beneficios relevantes que deber\u00edamos obtener en la operaci\u00f3n.\"\n<br>\n- Director de planta<\/div><\/div><\/div><\/div><div class=\"elementor-repeater-item-6f1f530 swiper-slide\" role=\"group\" aria-roledescription=\"slide\"><div class=\"swiper-slide-bg\" role=\"img\"><\/div><div class=\"swiper-slide-inner\" ><div class=\"swiper-slide-contents\"><div class=\"elementor-slide-description\">\"Al final del trabajo de recargue, su equipo hab\u00eda dado el consumo de electrodos de soldadura para los rodillos individuales, as\u00ed como para las placas de rectificado. Esto no lo practicaban antes otras empresas de soldadura. Nos sorprendi\u00f3 ver que la cantidad de soldadura en dos de los rodillos era cercana al 50% de la de otros rodillos, lo que indicaba un flujo de material desigual en todos los rodillos. Esta informaci\u00f3n es muy buena para optimizar la disposici\u00f3n de alimentaci\u00f3n al molino\".\n<br>\n- Director de Operaciones<\/div><\/div><\/div><\/div><div class=\"elementor-repeater-item-669c8ac swiper-slide\" role=\"group\" aria-roledescription=\"slide\"><div class=\"swiper-slide-bg\" role=\"img\"><\/div><div class=\"swiper-slide-inner\" ><div class=\"swiper-slide-contents\"><div class=\"elementor-slide-description\">\"Reconstrucci\u00f3n ... completada con un rendimiento satisfactorio.\"\n<br>\n- Jefe de mantenimiento<\/div><\/div><\/div><\/div>\t\t\t\t<\/div>\n\t\t\t\t\t\t\t\t\t\t\t\t\t\t\t<div class=\"elementor-swiper-button elementor-swiper-button-prev\" role=\"button\" tabindex=\"0\" aria-label=\"Previous slide\">\n\t\t\t\t\t\t\t<i aria-hidden=\"true\" class=\"eicon-chevron-left\"><\/i>\t\t\t\t\t\t<\/div>\n\t\t\t\t\t\t<div class=\"elementor-swiper-button elementor-swiper-button-next\" role=\"button\" tabindex=\"0\" aria-label=\"Next slide\">\n\t\t\t\t\t\t\t<i aria-hidden=\"true\" class=\"eicon-chevron-right\"><\/i>\t\t\t\t\t\t<\/div>\n\t\t\t\t\t\t\t\t\t\t\t\t\t\t\t\t<div class=\"swiper-pagination\"><\/div>\n\t\t\t\t\t\t\t\t\t\t\t\t<\/div>\n\t\t\t\t<\/div>\n\t\t\t\t\t\t\t\t<\/div>\n\t\t\t\t<\/div>\n\t\t\t\t\t<\/div>\n\t\t<\/div>\n\t\t\t\t\t<\/div>\n\t\t<\/section>\n\t\t\t\t\t<\/div>\n\t\t<\/div>\n\t\t\t\t\t<\/div>\n\t\t<\/section>\n\t\t\t\t<\/div>","protected":false},"excerpt":{"rendered":"<p>Testimonials of Stakeholders &#8211; Putting Their Success On Repeat Ready to Repeat?\u201cThe overall job is very satisfactory\u201d \u2013 Maintenance Manager\u201cSu compromiso al trabajo, con seguridad y eficiencia\u201d (\u201cTheir commitment to the job, with safety and efficiency\u201d) \u2013 Chief Operating Officer\u201cDisponibilidad y conocimiento de personal sin duda lo mejor\u201d (\u201cPersonnel availability and knowledge without doubt: the [&hellip;]<\/p>\n","protected":false},"author":1,"featured_media":0,"parent":0,"menu_order":0,"comment_status":"closed","ping_status":"closed","template":"","meta":{"footnotes":""},"_links":{"self":[{"href":"https:\/\/www.mypronamic.com\/es\/wp-json\/wp\/v2\/pages\/22"}],"collection":[{"href":"https:\/\/www.mypronamic.com\/es\/wp-json\/wp\/v2\/pages"}],"about":[{"href":"https:\/\/www.mypronamic.com\/es\/wp-json\/wp\/v2\/types\/page"}],"author":[{"embeddable":true,"href":"https:\/\/www.mypronamic.com\/es\/wp-json\/wp\/v2\/users\/1"}],"replies":[{"embeddable":true,"href":"https:\/\/www.mypronamic.com\/es\/wp-json\/wp\/v2\/comments?post=22"}],"version-history":[{"count":20,"href":"https:\/\/www.mypronamic.com\/es\/wp-json\/wp\/v2\/pages\/22\/revisions"}],"predecessor-version":[{"id":548,"href":"https:\/\/www.mypronamic.com\/es\/wp-json\/wp\/v2\/pages\/22\/revisions\/548"}],"wp:attachment":[{"href":"https:\/\/www.mypronamic.com\/es\/wp-json\/wp\/v2\/media?parent=22"}],"curies":[{"name":"wp","href":"https:\/\/api.w.org\/{rel}","templated":true}]}}