{"id":22,"date":"2023-01-20T17:26:09","date_gmt":"2023-01-20T17:26:09","guid":{"rendered":"https:\/\/mypronamic.godindesigns.com\/?page_id=22"},"modified":"2023-02-06T16:41:14","modified_gmt":"2023-02-06T16:41:14","slug":"references","status":"publish","type":"page","link":"https:\/\/www.mypronamic.com\/de\/references\/","title":{"rendered":"Referenzen"},"content":{"rendered":"<div data-elementor-type=\"wp-page\" data-elementor-id=\"22\" class=\"elementor elementor-22\" data-elementor-post-type=\"page\">\n\t\t\t\t\t\t<section class=\"elementor-section elementor-top-section elementor-element elementor-element-78863b1 elementor-section-height-min-height elementor-section-full_width elementor-section-items-stretch elementor-section-height-default\" data-id=\"78863b1\" data-element_type=\"section\" data-settings=\"{&quot;background_background&quot;:&quot;gradient&quot;}\">\n\t\t\t\t\t\t\t<div class=\"elementor-background-overlay\"><\/div>\n\t\t\t\t\t\t\t<div class=\"elementor-container elementor-column-gap-default\">\n\t\t\t\t\t<div class=\"elementor-column elementor-col-100 elementor-top-column elementor-element elementor-element-f8f4dc8\" data-id=\"f8f4dc8\" data-element_type=\"column\">\n\t\t\t<div class=\"elementor-widget-wrap elementor-element-populated\">\n\t\t\t\t\t\t<div class=\"elementor-element elementor-element-8129281 elementor-widget elementor-widget-heading\" data-id=\"8129281\" data-element_type=\"widget\" data-widget_type=\"heading.default\">\n\t\t\t\t<div class=\"elementor-widget-container\">\n\t\t\t\t\t<h3 class=\"elementor-heading-title elementor-size-default\">Testimonials von Stakeholdern - ihren Erfolg wiederholen<\/h3>\t\t\t\t<\/div>\n\t\t\t\t<\/div>\n\t\t\t\t<section class=\"elementor-section elementor-inner-section elementor-element elementor-element-7e81cf6 elementor-section-boxed elementor-section-height-default elementor-section-height-default\" data-id=\"7e81cf6\" data-element_type=\"section\">\n\t\t\t\t\t\t<div class=\"elementor-container elementor-column-gap-default\">\n\t\t\t\t\t<div class=\"elementor-column elementor-col-100 elementor-inner-column elementor-element elementor-element-12ced7a\" data-id=\"12ced7a\" data-element_type=\"column\">\n\t\t\t<div class=\"elementor-widget-wrap elementor-element-populated\">\n\t\t\t\t\t\t<div class=\"elementor-element elementor-element-c9b5741 elementor--h-position-center elementor--v-position-middle elementor-arrows-position-inside elementor-pagination-position-inside elementor-widget elementor-widget-slides\" data-id=\"c9b5741\" data-element_type=\"widget\" data-settings=\"{&quot;navigation&quot;:&quot;both&quot;,&quot;autoplay&quot;:&quot;yes&quot;,&quot;pause_on_interaction&quot;:&quot;yes&quot;,&quot;autoplay_speed&quot;:5000,&quot;infinite&quot;:&quot;yes&quot;,&quot;transition&quot;:&quot;slide&quot;,&quot;transition_speed&quot;:500}\" data-widget_type=\"slides.default\">\n\t\t\t\t<div class=\"elementor-widget-container\">\n\t\t\t\t\t\t\t\t\t<div class=\"elementor-swiper\">\n\t\t\t\t\t<div class=\"elementor-slides-wrapper elementor-main-swiper swiper\" role=\"region\" aria-roledescription=\"carousel\" aria-label=\"Slides\" dir=\"ltr\" data-animation=\"\">\n\t\t\t\t<div class=\"swiper-wrapper elementor-slides\">\n\t\t\t\t\t\t\t\t\t\t<div class=\"elementor-repeater-item-bb65e56 swiper-slide\" role=\"group\" aria-roledescription=\"slide\"><div class=\"swiper-slide-bg\" role=\"img\"><\/div><div class=\"swiper-slide-inner\" ><div class=\"swiper-slide-contents\"><div class=\"elementor-slide-heading\">Bereit zur <br> Wiederholen?<\/div><\/div><\/div><\/div><div class=\"elementor-repeater-item-f8280fd swiper-slide\" role=\"group\" aria-roledescription=\"slide\"><div class=\"swiper-slide-bg\" role=\"img\"><\/div><div class=\"swiper-slide-inner\" ><div class=\"swiper-slide-contents\"><div class=\"elementor-slide-description\">\"Die Arbeit ist insgesamt sehr zufriedenstellend\"\n<br>\n\n- Leiter Instandhaltung<\/div><\/div><\/div><\/div><div class=\"elementor-repeater-item-ae82faa swiper-slide\" role=\"group\" aria-roledescription=\"slide\"><div class=\"swiper-slide-bg\" role=\"img\"><\/div><div class=\"swiper-slide-inner\" ><div class=\"swiper-slide-contents\"><div class=\"elementor-slide-description\">\"Su compromiso al trabajo, con seguridad y eficiencia\" (\"Ihr Engagement f\u00fcr die Arbeit, mit Sicherheit und Effizienz\")\n<br>\n- Operativer Gesch\u00e4ftsf\u00fchrer<\/div><\/div><\/div><\/div><div class=\"elementor-repeater-item-117e3bf swiper-slide\" role=\"group\" aria-roledescription=\"slide\"><div class=\"swiper-slide-bg\" role=\"img\"><\/div><div class=\"swiper-slide-inner\" ><div class=\"swiper-slide-contents\"><div class=\"elementor-slide-description\">\"Disponibilidad y conocimiento de personal sin duda lo mejor\" (\"Verf\u00fcgbarkeit und Wissen des Personals ohne Zweifel: das Beste\")\n<br>\n- Direktor des Werks<\/div><\/div><\/div><\/div><div class=\"elementor-repeater-item-c4bb53b swiper-slide\" role=\"group\" aria-roledescription=\"slide\"><div class=\"swiper-slide-bg\" role=\"img\"><\/div><div class=\"swiper-slide-inner\" ><div class=\"swiper-slide-contents\"><div class=\"elementor-slide-description\">\"Die Arbeitsmoral ist sehr professionell\".\n<br>\n- Leiter Instandhaltung<\/div><\/div><\/div><\/div><div class=\"elementor-repeater-item-ace2941 swiper-slide\" role=\"group\" aria-roledescription=\"slide\"><div class=\"swiper-slide-bg\" role=\"img\"><\/div><div class=\"swiper-slide-inner\" ><div class=\"swiper-slide-contents\"><div class=\"elementor-slide-heading\">Bereit zur <br> Wiederholen?<\/div><\/div><\/div><\/div><div class=\"elementor-repeater-item-cf78463 swiper-slide\" role=\"group\" aria-roledescription=\"slide\"><div class=\"swiper-slide-bg\" role=\"img\"><\/div><div class=\"swiper-slide-inner\" ><div class=\"swiper-slide-contents\"><div class=\"elementor-slide-description\">\"W\u00e4hrend der gesamten Ausf\u00fchrung wird ein hohes Ma\u00df an Sicherheit praktiziert, das wir bei den lokalen Auftragnehmern, die dies in der Vergangenheit getan haben, nicht finden. Dies ist bei unseren Unternehmensrichtlinien \u00e4u\u00dferst wichtig.\"\n<br>\n- Operativer Gesch\u00e4ftsf\u00fchrer<\/div><\/div><\/div><\/div><div class=\"elementor-repeater-item-d7a1c94 swiper-slide\" role=\"group\" aria-roledescription=\"slide\"><div class=\"swiper-slide-bg\" role=\"img\"><\/div><div class=\"swiper-slide-inner\" ><div class=\"swiper-slide-contents\"><div class=\"elementor-slide-description\">\"Die Planung und Ausf\u00fchrung des Auftrags (Reifenaufbau) entspricht den Anforderungen ... und das Ergebnis entspricht dem vorgeschlagenen Ziel\"\n<br>\n- Leiter Instandhaltung<\/div><\/div><\/div><\/div><div class=\"elementor-repeater-item-7de95a2 swiper-slide\" role=\"group\" aria-roledescription=\"slide\"><div class=\"swiper-slide-bg\" role=\"img\"><\/div><div class=\"swiper-slide-inner\" ><div class=\"swiper-slide-contents\"><div class=\"elementor-slide-description\">\"Gute Qualit\u00e4t der Ablagerungsarbeit\".\n<br>\n- Direktor des Werks<\/div><\/div><\/div><\/div><div class=\"elementor-repeater-item-d073aaf swiper-slide\" role=\"group\" aria-roledescription=\"slide\"><div class=\"swiper-slide-bg\" role=\"img\"><\/div><div class=\"swiper-slide-inner\" ><div class=\"swiper-slide-contents\"><div class=\"elementor-slide-description\">\"Wir waren \u00fcberrascht, dass in den letzten 9 Jahren keiner der Schwei\u00dfbetriebe darauf hingewiesen hat, dass der Verschlei\u00df an den Seiten des Reifens mit dem gro\u00dfen Durchmesser auftritt und sich die Reifenbreite schlie\u00dflich verringert hat, so dass es jetzt m\u00f6glicherweise nicht mehr m\u00f6glich ist, den Reifen vollst\u00e4ndig neu zu verschwei\u00dfen. Das ist ein Augen\u00f6ffner f\u00fcr uns.\"\n<br>\n- Direktor des Werks<\/div><\/div><\/div><\/div><div class=\"elementor-repeater-item-85fb345 swiper-slide\" role=\"group\" aria-roledescription=\"slide\"><div class=\"swiper-slide-bg\" role=\"img\"><\/div><div class=\"swiper-slide-inner\" ><div class=\"swiper-slide-contents\"><div class=\"elementor-slide-heading\">Bereit zur <br> Wiederholen?<\/div><\/div><\/div><\/div><div class=\"elementor-repeater-item-6898bc7 swiper-slide\" role=\"group\" aria-roledescription=\"slide\"><div class=\"swiper-slide-bg\" role=\"img\"><\/div><div class=\"swiper-slide-inner\" ><div class=\"swiper-slide-contents\"><div class=\"elementor-slide-description\">\"...das Schwei\u00dfprofil f\u00fcr die Schleifplatte sowie den Walzenreifen auf der Grundlage der Empfehlung Ihres Prozessteams ge\u00e4ndert und wir hoffen, dass wir die entsprechenden Vorteile im Betrieb erhalten.\"\n<br>\n- Direktor des Werks<\/div><\/div><\/div><\/div><div class=\"elementor-repeater-item-6f1f530 swiper-slide\" role=\"group\" aria-roledescription=\"slide\"><div class=\"swiper-slide-bg\" role=\"img\"><\/div><div class=\"swiper-slide-inner\" ><div class=\"swiper-slide-contents\"><div class=\"elementor-slide-description\">\"Am Ende der Nachschwei\u00dfung hatte Ihr Team den Schwei\u00dfelektrodenverbrauch f\u00fcr die einzelnen Walzen und auch f\u00fcr die Schleifplatten angegeben. Dies wurde fr\u00fcher von anderen Schwei\u00dfbetrieben nicht praktiziert. Wir waren \u00fcberrascht zu sehen, dass die Schwei\u00dfmenge auf zwei der Walzenreifen fast 50% der anderen Walzen betrug, was auf einen ungleichm\u00e4\u00dfigen Materialfluss \u00fcber alle Walzen hinweist. Diese Information ist sehr gut, um die Zuf\u00fchrungsanordnung zur M\u00fchle zu optimieren.\n<br>\n- Operativer Gesch\u00e4ftsf\u00fchrer<\/div><\/div><\/div><\/div><div class=\"elementor-repeater-item-669c8ac swiper-slide\" role=\"group\" aria-roledescription=\"slide\"><div class=\"swiper-slide-bg\" role=\"img\"><\/div><div class=\"swiper-slide-inner\" ><div class=\"swiper-slide-contents\"><div class=\"elementor-slide-description\">\"Wiederaufbau ... mit zufriedenstellender Leistung abgeschlossen\".\n<br>\n- Leiter Instandhaltung<\/div><\/div><\/div><\/div>\t\t\t\t<\/div>\n\t\t\t\t\t\t\t\t\t\t\t\t\t\t\t<div class=\"elementor-swiper-button elementor-swiper-button-prev\" role=\"button\" tabindex=\"0\" aria-label=\"Previous slide\">\n\t\t\t\t\t\t\t<i aria-hidden=\"true\" class=\"eicon-chevron-left\"><\/i>\t\t\t\t\t\t<\/div>\n\t\t\t\t\t\t<div class=\"elementor-swiper-button elementor-swiper-button-next\" role=\"button\" tabindex=\"0\" aria-label=\"Next slide\">\n\t\t\t\t\t\t\t<i aria-hidden=\"true\" class=\"eicon-chevron-right\"><\/i>\t\t\t\t\t\t<\/div>\n\t\t\t\t\t\t\t\t\t\t\t\t\t\t\t\t<div class=\"swiper-pagination\"><\/div>\n\t\t\t\t\t\t\t\t\t\t\t\t<\/div>\n\t\t\t\t<\/div>\n\t\t\t\t\t\t\t\t<\/div>\n\t\t\t\t<\/div>\n\t\t\t\t\t<\/div>\n\t\t<\/div>\n\t\t\t\t\t<\/div>\n\t\t<\/section>\n\t\t\t\t\t<\/div>\n\t\t<\/div>\n\t\t\t\t\t<\/div>\n\t\t<\/section>\n\t\t\t\t<\/div>","protected":false},"excerpt":{"rendered":"<p>Testimonials of Stakeholders &#8211; Putting Their Success On Repeat Ready to Repeat?\u201cThe overall job is very satisfactory\u201d \u2013 Maintenance Manager\u201cSu compromiso al trabajo, con seguridad y eficiencia\u201d (\u201cTheir commitment to the job, with safety and efficiency\u201d) \u2013 Chief Operating Officer\u201cDisponibilidad y conocimiento de personal sin duda lo mejor\u201d (\u201cPersonnel availability and knowledge without doubt: the [&hellip;]<\/p>\n","protected":false},"author":1,"featured_media":0,"parent":0,"menu_order":0,"comment_status":"closed","ping_status":"closed","template":"","meta":{"footnotes":""},"_links":{"self":[{"href":"https:\/\/www.mypronamic.com\/de\/wp-json\/wp\/v2\/pages\/22"}],"collection":[{"href":"https:\/\/www.mypronamic.com\/de\/wp-json\/wp\/v2\/pages"}],"about":[{"href":"https:\/\/www.mypronamic.com\/de\/wp-json\/wp\/v2\/types\/page"}],"author":[{"embeddable":true,"href":"https:\/\/www.mypronamic.com\/de\/wp-json\/wp\/v2\/users\/1"}],"replies":[{"embeddable":true,"href":"https:\/\/www.mypronamic.com\/de\/wp-json\/wp\/v2\/comments?post=22"}],"version-history":[{"count":20,"href":"https:\/\/www.mypronamic.com\/de\/wp-json\/wp\/v2\/pages\/22\/revisions"}],"predecessor-version":[{"id":548,"href":"https:\/\/www.mypronamic.com\/de\/wp-json\/wp\/v2\/pages\/22\/revisions\/548"}],"wp:attachment":[{"href":"https:\/\/www.mypronamic.com\/de\/wp-json\/wp\/v2\/media?parent=22"}],"curies":[{"name":"wp","href":"https:\/\/api.w.org\/{rel}","templated":true}]}}