{"id":13,"date":"2023-01-20T17:22:24","date_gmt":"2023-01-20T17:22:24","guid":{"rendered":"https:\/\/mypronamic.godindesigns.com\/?page_id=13"},"modified":"2023-01-25T03:25:18","modified_gmt":"2023-01-25T03:25:18","slug":"industries","status":"publish","type":"page","link":"https:\/\/www.mypronamic.com\/de\/industries\/","title":{"rendered":"Branchen"},"content":{"rendered":"<div data-elementor-type=\"wp-page\" data-elementor-id=\"13\" class=\"elementor elementor-13\" data-elementor-post-type=\"page\">\n\t\t\t\t\t\t<section class=\"elementor-section elementor-top-section elementor-element elementor-element-f6783c1 elementor-section-height-min-height elementor-section-boxed elementor-section-height-default elementor-section-items-middle\" data-id=\"f6783c1\" data-element_type=\"section\" data-settings=\"{&quot;background_background&quot;:&quot;classic&quot;}\">\n\t\t\t\t\t\t\t<div class=\"elementor-background-overlay\"><\/div>\n\t\t\t\t\t\t\t<div class=\"elementor-container elementor-column-gap-default\">\n\t\t\t\t\t<div class=\"elementor-column elementor-col-100 elementor-top-column elementor-element elementor-element-425f6cc\" data-id=\"425f6cc\" data-element_type=\"column\">\n\t\t\t<div class=\"elementor-widget-wrap elementor-element-populated\">\n\t\t\t\t\t\t<div class=\"elementor-element elementor-element-5d5e07d elementor-widget elementor-widget-heading\" data-id=\"5d5e07d\" data-element_type=\"widget\" data-widget_type=\"heading.default\">\n\t\t\t\t<div class=\"elementor-widget-container\">\n\t\t\t\t\t<h1 class=\"elementor-heading-title elementor-size-default\">INDUSTRIEN\n<\/h1>\t\t\t\t<\/div>\n\t\t\t\t<\/div>\n\t\t\t\t<div class=\"elementor-element elementor-element-495270a elementor-widget elementor-widget-text-editor\" data-id=\"495270a\" data-element_type=\"widget\" data-widget_type=\"text-editor.default\">\n\t\t\t\t<div class=\"elementor-widget-container\">\n\t\t\t\t\t\t\t\t\t<p><strong>Zement:<\/strong> Rohmaterialien, OPC, Kompositzement.<br \/><strong>Stahl:<\/strong> H\u00fcttensand, H\u00fcttenzement und flugaschehaltige Mischungen.<br \/><strong>\u200dKohle:<\/strong> Steinkohle, Braunkohle, Anthrazit und Petrolkoks.<br \/><strong>Mineralien und Erze.<\/strong><\/p>\t\t\t\t\t\t\t\t<\/div>\n\t\t\t\t<\/div>\n\t\t\t\t\t<\/div>\n\t\t<\/div>\n\t\t\t\t\t<\/div>\n\t\t<\/section>\n\t\t\t\t<section class=\"elementor-section elementor-top-section elementor-element elementor-element-2f59d92 elementor-section-boxed elementor-section-height-default elementor-section-height-default\" data-id=\"2f59d92\" data-element_type=\"section\">\n\t\t\t\t\t\t<div class=\"elementor-container elementor-column-gap-default\">\n\t\t\t\t\t<div class=\"elementor-column elementor-col-33 elementor-top-column elementor-element elementor-element-0cfc53f\" data-id=\"0cfc53f\" data-element_type=\"column\">\n\t\t\t<div class=\"elementor-widget-wrap\">\n\t\t\t\t\t\t\t<\/div>\n\t\t<\/div>\n\t\t\t\t<div class=\"elementor-column elementor-col-33 elementor-top-column elementor-element elementor-element-cfcfea9\" data-id=\"cfcfea9\" data-element_type=\"column\">\n\t\t\t<div class=\"elementor-widget-wrap elementor-element-populated\">\n\t\t\t\t\t\t<div class=\"elementor-element elementor-element-035b86b elementor-widget elementor-widget-text-editor\" data-id=\"035b86b\" data-element_type=\"widget\" data-widget_type=\"text-editor.default\">\n\t\t\t\t<div class=\"elementor-widget-container\">\n\t\t\t\t\t\t\t\t\t<p>Pronamic\u00ae-Teile und -Services werden von Loesche f\u00fcr alle ihre Vertikalm\u00fchlen in der Zement-, Stahl-, Kohle-, Mineral- und Erzindustrie zugelassen und empfohlen. Dies gilt sowohl f\u00fcr Teile f\u00fcr neue M\u00fchlen als auch f\u00fcr Teile und Dienstleistungen f\u00fcr den After-Sales-Markt.<\/p><p>Pronamic\u00ae-Dienstleistungen sind in der Werkstatt und vor Ort f\u00fcr die meisten Typen von Vertikalm\u00fchlen verf\u00fcgbar.<\/p><p>Auf Anfrage erweitern wir den Pronamic\u00ae Teilevorteil auf andere M\u00fchlen, bitte sprechen Sie uns an.<\/p>\t\t\t\t\t\t\t\t<\/div>\n\t\t\t\t<\/div>\n\t\t\t\t\t<\/div>\n\t\t<\/div>\n\t\t\t\t<div class=\"elementor-column elementor-col-33 elementor-top-column elementor-element elementor-element-7bc1980\" data-id=\"7bc1980\" data-element_type=\"column\">\n\t\t\t<div class=\"elementor-widget-wrap\">\n\t\t\t\t\t\t\t<\/div>\n\t\t<\/div>\n\t\t\t\t\t<\/div>\n\t\t<\/section>\n\t\t\t\t<\/div>","protected":false},"excerpt":{"rendered":"<p>INDUSTRIES Cement: raw materials, OPC, composite cement.Steel: granulated slag, slag cement and fly ash-containing mixes.\u200dCoal: hard coal, lignite, anthracite and petcoke.Mineral and ore. Pronamic\u00ae parts and services are approved and recommended by Loesche for all their vertical roller mills in the cement, steel, coal, mineral and ore industries. That includes parts for new mills, as [&hellip;]<\/p>\n","protected":false},"author":1,"featured_media":0,"parent":0,"menu_order":0,"comment_status":"closed","ping_status":"closed","template":"","meta":{"footnotes":""},"_links":{"self":[{"href":"https:\/\/www.mypronamic.com\/de\/wp-json\/wp\/v2\/pages\/13"}],"collection":[{"href":"https:\/\/www.mypronamic.com\/de\/wp-json\/wp\/v2\/pages"}],"about":[{"href":"https:\/\/www.mypronamic.com\/de\/wp-json\/wp\/v2\/types\/page"}],"author":[{"embeddable":true,"href":"https:\/\/www.mypronamic.com\/de\/wp-json\/wp\/v2\/users\/1"}],"replies":[{"embeddable":true,"href":"https:\/\/www.mypronamic.com\/de\/wp-json\/wp\/v2\/comments?post=13"}],"version-history":[{"count":13,"href":"https:\/\/www.mypronamic.com\/de\/wp-json\/wp\/v2\/pages\/13\/revisions"}],"predecessor-version":[{"id":125,"href":"https:\/\/www.mypronamic.com\/de\/wp-json\/wp\/v2\/pages\/13\/revisions\/125"}],"wp:attachment":[{"href":"https:\/\/www.mypronamic.com\/de\/wp-json\/wp\/v2\/media?parent=13"}],"curies":[{"name":"wp","href":"https:\/\/api.w.org\/{rel}","templated":true}]}}